{"id":5493,"date":"2023-07-07T15:27:58","date_gmt":"2023-07-07T13:27:58","guid":{"rendered":"https:\/\/swissflex-eyewear.com\/datenschutzerklaerung\/"},"modified":"2023-07-19T07:41:09","modified_gmt":"2023-07-19T05:41:09","slug":"datenschutzerklaerung","status":"publish","type":"page","link":"https:\/\/swissflex-eyewear.com\/de\/datenschutzerklaerung\/","title":{"rendered":"Datenschutzerkl\u00e4rung"},"content":{"rendered":"<p><strong>1. Erhebung, Verarbeitung und Nutzung personenbezogener Daten<\/strong><\/p>\n<p>Bei einem Besuch dieser Website erheben wir keine personenbezogenen Daten von Ihnen. Personenbezogene Daten werden nur erhoben, wenn Sie uns diese selbst \u00fcber unser Kontaktformular mitteilen. Diese Daten werden ausschliesslich zur Beantwortung Ihres Anliegens genutzt und danach wieder gel\u00f6scht.<\/p>\n<p><strong>2. Verwendung von eigenen Cookies<\/strong><\/p>\n<p>Beim Aufruf bestimmter Seiten wird ein so genanntes \u00abSession-Cookie\u00bb gesetzt. Hierbei handelt es sich um eine kleine Textdatei, die nach Ende der Browser-Sitzung automatisch wieder von Ihrem Computer gel\u00f6scht wird. Diese Datei dient ausschliesslich dazu, bestimmte Applikationen nutzen zu k\u00f6nnen. Sie k\u00f6nnen bei den meisten Webbrowsern die Einstellungen so \u00e4ndern, dass Ihr Browser neue Cookies nicht akzeptiert oder Sie k\u00f6nnen erhaltenen Cookies l\u00f6schen lassen. Wie dies konkret f\u00fcr Ihren Browser funktioniert, kann in der Regel \u00fcber dessen Hilfe-Funktion in Erfahrung gebracht werden.<\/p>\n<p><strong>3. Server-Log-Dateien<\/strong><\/p>\n<p>Wie bei jeder Verbindung mit einem Webserver protokolliert und speichert der Server unseres Webhosting-Anbieters METANET AG aus Z\u00fcrich, bestimmte technische Daten. Zu diesen Daten geh\u00f6ren die IP-Adresse und das Betriebssystem Ihres Ger\u00e4ts, die Daten, die Zugriffszeit, die Art des Browsers sowie die Browser-Anfrage inklusive der Herkunft der Anfrage (Referrer). Dies ist aus technischen Gr\u00fcnden erforderlich, um Ihnen unsere Website zur Verf\u00fcgung zu stellen. Der Webhosting-Anbieter sch\u00fctzt diese Daten mit technischen und organisatorischen Massnahmen vor unerlaubten Zugriffen und gibt sie nicht an Dritte weiter. Soweit wir dabei personenbezogene Daten verarbeiten, tun wir dies aufgrund unseres Interesses, Ihnen die bestm\u00f6gliche Nutzererfahrung zu bieten und die Sicherheit und Stabilit\u00e4t unserer Systeme zu gew\u00e4hrleisten.<\/p>\n<p><strong>4. Matomo Analytics<\/strong><\/p>\n<p>Diese Webseite benutzt Matomo Analytics um das Nutzer:innenverhalten auf der Webseite zu tracken. Matomo ist eine Open Source Analyseplattform, vergleichbar mit Google Analytics. Im Kontrast dazu ist Matomo jedoch kompatibel mit geltenden Datenschutzverordnungen in der Schweiz und der EU einsetzbar.<\/p>\n<p>So setzen wir Matomo Analytics auf dieser Webseite ein:<br \/>\nUnsere Matomo-Instanz wird selber gehostet. Die gesammelten Daten werden auf einem Server in der Schweiz gespeichert und k\u00f6nnen von keiner nichtautorisierten Person eingesehen werden. Unser Matomo ist so konfiguriert, dass alle IP-Adressen auf 2 Bytes maskiert werden. In der Analytics-\u00dcbersicht kann so an keiner Stelle bezug zu Personen oder Ger\u00e4ten hergestellt werden. Unser Matomo trackt nicht Besuchs\u00fcbergreifend. Da die IP-Adressen maskiert sind, kann kein Bezug zwischen mehreren Besuchen auf der Webseite hergestellt werden. Die von uns mit Matomo gesammelten Daten dienen rein der internen Auswertung der Webseite f\u00fcr die Verbesserung der User Experience. Die Daten werden zu keinem Zeitpunkt anderweitig verwendet oder an Dritte weitergegeben. Unser Matomo ist so konfiguriert, dass keinerlei Cookies auf dem Ger\u00e4t gespeichert werden.<\/p>\n<p><strong>5. Ihre Rechte<\/strong><\/p>\n<p>Ihnen stehen grunds\u00e4tzlich die Rechte auf Auskunft, Berichtigung, L\u00f6schung, Einschr\u00e4nkung, Daten\u00fcbertragbarkeit, Widerruf und Widerspruch zu. Wenn Sie glauben, dass die Verarbeitung Ihrer Daten gegen das Datenschutzrecht verst\u00f6sst oder Ihre datenschutzrechtlichen Anspr\u00fcche sonst in einer Weise verletzt worden sind, k\u00f6nnen Sie sich bei der Aufsichtsbeh\u00f6rde beschweren.<\/p>\n<p>Sie erreichen uns unter folgenden Kontaktdaten:<\/p>\n<p>EYE-SYSTEMS GmbH<br \/>\nG\u00fcterstrasse 4<br \/>\nCH-7001 Chur<br \/>\nSwitzerland<\/p>\n","protected":false},"excerpt":{"rendered":"<p>1. Erhebung, Verarbeitung und Nutzung personenbezogener Daten Bei einem Besuch dieser Website erheben wir keine personenbezogenen Daten von Ihnen. Personenbezogene Daten werden nur erhoben, wenn Sie uns diese selbst \u00fcber unser Kontaktformular mitteilen. Diese Daten werden ausschliesslich zur Beantwortung Ihres Anliegens genutzt und danach wieder gel\u00f6scht. 2. Verwendung von eigenen Cookies Beim Aufruf bestimmter Seiten &hellip; <a href=\"https:\/\/swissflex-eyewear.com\/de\/datenschutzerklaerung\/\" class=\"more-link\">Continue reading<span class=\"screen-reader-text\"> &#8222;Datenschutzerkl\u00e4rung&#8220;<\/span><\/a><\/p>\n","protected":false},"author":3,"featured_media":0,"parent":0,"menu_order":19,"comment_status":"closed","ping_status":"closed","template":"","meta":{"_acf_changed":false,"inline_featured_image":false,"footnotes":""},"class_list":["post-5493","page","type-page","status-publish","hentry"],"acf":[],"_links":{"self":[{"href":"https:\/\/swissflex-eyewear.com\/de\/wp-json\/wp\/v2\/pages\/5493","targetHints":{"allow":["GET"]}}],"collection":[{"href":"https:\/\/swissflex-eyewear.com\/de\/wp-json\/wp\/v2\/pages"}],"about":[{"href":"https:\/\/swissflex-eyewear.com\/de\/wp-json\/wp\/v2\/types\/page"}],"author":[{"embeddable":true,"href":"https:\/\/swissflex-eyewear.com\/de\/wp-json\/wp\/v2\/users\/3"}],"replies":[{"embeddable":true,"href":"https:\/\/swissflex-eyewear.com\/de\/wp-json\/wp\/v2\/comments?post=5493"}],"version-history":[{"count":2,"href":"https:\/\/swissflex-eyewear.com\/de\/wp-json\/wp\/v2\/pages\/5493\/revisions"}],"predecessor-version":[{"id":5503,"href":"https:\/\/swissflex-eyewear.com\/de\/wp-json\/wp\/v2\/pages\/5493\/revisions\/5503"}],"wp:attachment":[{"href":"https:\/\/swissflex-eyewear.com\/de\/wp-json\/wp\/v2\/media?parent=5493"}],"curies":[{"name":"wp","href":"https:\/\/api.w.org\/{rel}","templated":true}]}}